{"id":2307,"date":"2016-05-09T16:14:40","date_gmt":"2016-05-09T16:14:40","guid":{"rendered":"http:\/\/themes.webdevia.com\/factory\/?page_id=2"},"modified":"2019-08-05T10:34:12","modified_gmt":"2019-08-05T10:34:12","slug":"residential-doors","status":"publish","type":"page","link":"https:\/\/www.aluminioscastrosl.es\/wp\/residential-doors\/","title":{"rendered":"Puertas Residenciales"},"content":{"rendered":"<p>[vc_row][vc_column][vc_single_image image=\u00bb2350&#8243; img_size=\u00bb850&#215;500&#8243; css=\u00bb.vc_custom_1562934035149{margin-bottom: 30px !important;}\u00bb]\t\t<div class=\"wd-heading  text-left text-left\" >\r\t\t\t\r      \r      <h3 style=\"margin:0;color:#111111;\" >\r\t\t\t\t\tPuertas Residenciales\t\t\t\t<\/h3>\r\r        <div style='margin-top: 15px;'><\/div>      \r      \r      \r    \t\t<\/div>\r\r\t\t[vc_column_text]<\/p>\n<div class=\"default-text-block\">\n<p>Quiere dar una imagen innovadora a su proyecto.<\/p>\n<p>Nos ocupamos de instalar las mejores puertas residenciales que vaya acorde con el dise\u00f1o de su vivienda .<\/p>\n<p>Con acabados de madera, o de aluminio natural o lacado, y con cristal de seguridad. Todas las variedades posibles que se le pueda ocurrir para que su vivienda disponga de seguridad y dise\u00f1o.<\/p><\/div>\n<p>[\/vc_column_text][\/vc_column][\/vc_row][vc_row][vc_column width=\u00bb5\/12&#8243;][vc_single_image image=\u00bb2363&#8243; img_size=\u00bb420&#215;270&#8243;][\/vc_column][vc_column width=\u00bb7\/12&#8243; css=\u00bb.vc_custom_1463411390237{padding-left: 30px !important;}\u00bb][vc_column_text]Puerta de acceso a su galer\u00eda o balc\u00f3n.<\/p>\n<p>Dise\u00f1o en lacado blanco para que la luminosidad de su balc\u00f3n o galer\u00eda proporcione una estancia agradable sin que pierda el encanto, y el entorno de su habitat.[\/vc_column_text][\/vc_column][\/vc_row][vc_row][vc_column][vc_tta_accordion][vc_tta_section title=\u00bbComo puede localizarnos?\u00bb tab_id=\u00bb1463410758631-13de9355-87ee\u00bb][vc_column_text]En la secci\u00f3n de contacto dispone de la informaci\u00f3n de telefono y mapa de ubicaci\u00f3n.<\/p>\n<p>Estaremos encantados de atender sus dudas y preguntas[\/vc_column_text][\/vc_tta_section][vc_tta_section title=\u00bbDonde puedo ver la calidad o muestros materiales y acabados?\u00bb tab_id=\u00bb1463410804250-3be69663-44ba\u00bb][vc_column_text]En nuestras instalaciones disponemos de una sala de muestras con todos los tipos de materiales con los que trabajamos.<\/p>\n<p>Ventanas con todos los acabados, aluminio, madera, etc&#8230;<\/p>\n<p>Persianas normales o automatizadas para gestionar en remoto desde cualquier dispositivo android , pc o IOS.[\/vc_column_text][\/vc_tta_section][vc_tta_section title=\u00bbCon quienes trabajamos?\u00bb tab_id=\u00bb1463410802349-52275769-1e07&#8243;][vc_column_text]Siempre y desde hace m\u00e1s de 25 a\u00f1os, trabajamos con los mejores materiales de los fabricante m\u00e1s punteros del mercado.<\/p>\n<p>En el aparatados de nuestras marcas, dispone de la informaci\u00f3n necesaria que busca.[\/vc_column_text][\/vc_tta_section][\/vc_tta_accordion][\/vc_column][\/vc_row]<\/p>\n","protected":false},"excerpt":{"rendered":"<p>[vc_row][vc_column][vc_single_image image=\u00bb2350&#8243; img_size=\u00bb850&#215;500&#8243; css=\u00bb.vc_custom_1562934035149{margin-bottom: 30px !important;}\u00bb][vc_column_text] Quiere dar una imagen innovadora a su proyecto. Nos ocupamos de instalar las mejores puertas residenciales que vaya acorde con el dise\u00f1o de su vivienda . Con acabados de madera, o de aluminio natural o lacado, y con cristal de seguridad. Todas las variedades posibles que se le pueda [&hellip;]<\/p>\n","protected":false},"author":1,"featured_media":0,"parent":0,"menu_order":0,"comment_status":"closed","ping_status":"closed","template":"page-template\/left-sidebar.php","meta":{"footnotes":""},"_links":{"self":[{"href":"https:\/\/www.aluminioscastrosl.es\/wp\/wp-json\/wp\/v2\/pages\/2307"}],"collection":[{"href":"https:\/\/www.aluminioscastrosl.es\/wp\/wp-json\/wp\/v2\/pages"}],"about":[{"href":"https:\/\/www.aluminioscastrosl.es\/wp\/wp-json\/wp\/v2\/types\/page"}],"author":[{"embeddable":true,"href":"https:\/\/www.aluminioscastrosl.es\/wp\/wp-json\/wp\/v2\/users\/1"}],"replies":[{"embeddable":true,"href":"https:\/\/www.aluminioscastrosl.es\/wp\/wp-json\/wp\/v2\/comments?post=2307"}],"version-history":[{"count":4,"href":"https:\/\/www.aluminioscastrosl.es\/wp\/wp-json\/wp\/v2\/pages\/2307\/revisions"}],"predecessor-version":[{"id":2840,"href":"https:\/\/www.aluminioscastrosl.es\/wp\/wp-json\/wp\/v2\/pages\/2307\/revisions\/2840"}],"wp:attachment":[{"href":"https:\/\/www.aluminioscastrosl.es\/wp\/wp-json\/wp\/v2\/media?parent=2307"}],"curies":[{"name":"wp","href":"https:\/\/api.w.org\/{rel}","templated":true}]}}